{"id":105,"date":"2019-04-25T09:02:54","date_gmt":"2019-04-25T07:02:54","guid":{"rendered":"https:\/\/constructorabosquesdecantabria.com\/?page_id=105"},"modified":"2025-07-17T15:14:36","modified_gmt":"2025-07-17T13:14:36","slug":"sobre-nosotros","status":"publish","type":"page","link":"https:\/\/constructorabosquesdecantabria.com\/?page_id=105","title":{"rendered":"Sobre nosotros"},"content":{"rendered":"\t\t<div data-elementor-type=\"wp-post\" data-elementor-id=\"105\" class=\"elementor elementor-105\" data-elementor-post-type=\"page\">\n\t\t\t\t\t\t<section class=\"elementor-section elementor-top-section elementor-element elementor-element-d38f780 elementor-reverse-tablet elementor-reverse-mobile elementor-section-boxed elementor-section-height-default elementor-section-height-default\" data-id=\"d38f780\" data-element_type=\"section\">\n\t\t\t\t\t\t<div class=\"elementor-container elementor-column-gap-default\">\n\t\t\t\t\t<div class=\"aux-parallax-section elementor-column elementor-col-33 elementor-top-column elementor-element elementor-element-08ec10c\" data-id=\"08ec10c\" data-element_type=\"column\">\n\t\t\t<div class=\"elementor-widget-wrap elementor-element-populated\">\n\t\t\t\t\t\t<div class=\"elementor-element elementor-element-8703e9c aux-appear-watch-animation aux-fade-in-up elementor-widget elementor-widget-aux_modern_heading\" data-id=\"8703e9c\" data-element_type=\"widget\" data-widget_type=\"aux_modern_heading.default\">\n\t\t\t\t<div class=\"elementor-widget-container\">\n\t\t\t<section class=\"aux-widget-modern-heading\">\n            <div class=\"aux-widget-inner\"><h2 class=\"aux-modern-heading-primary\">MISI\u00d3N<\/h2><div class=\"aux-modern-heading-description\"><p>En Constructora Bosques de Cantabria, nos dedicamos a la realizaci\u00f3n de Proyectos de Urbanismo, Obras de Ingenier\u00eda Civil, Arquitectura, Topograf\u00eda, y la Producci\u00f3n y Suministro de Concretos tanto en el \u00e1mbito privado como p\u00fablico. Nuestro objetivo es brindar satisfacci\u00f3n a nuestros clientes mediante la aplicaci\u00f3n de los m\u00e1s altos est\u00e1ndares de calidad, la implementaci\u00f3n de tecnolog\u00edas de punta y el compromiso de nuestro capital humano. Nos esforzamos por ser competitivos y generar confianza a trav\u00e9s de la calidad de nuestro producto final.<\/p><\/div><\/div>\n        <\/section>\t\t<\/div>\n\t\t\t\t<\/div>\n\t\t\t\t<div class=\"elementor-element elementor-element-c6d17c2 aux-appear-watch-animation aux-fade-in-up elementor-widget elementor-widget-aux_modern_heading\" data-id=\"c6d17c2\" data-element_type=\"widget\" data-widget_type=\"aux_modern_heading.default\">\n\t\t\t\t<div class=\"elementor-widget-container\">\n\t\t\t<section class=\"aux-widget-modern-heading\">\n            <div class=\"aux-widget-inner\"><h2 class=\"aux-modern-heading-primary\">VISI\u00d3N<\/h2><div class=\"aux-modern-heading-description\"><p>En el futuro, Constructora Bosques de Cantabria se proyecta como una compa\u00f1\u00eda l\u00edder y reconocida a nivel nacional, destac\u00e1ndose por su constante evoluci\u00f3n, crecimiento, y la calidad en el cumplimiento de los proyectos ejecutados. Nos esforzamos por generar confianza en cada uno de nuestros clientes y asegurar el bienestar de nuestro capital humano. Adem\u00e1s, nos comprometemos a contribuir y aportar socialmente en las regiones donde desarrollamos nuestros proyectos.<\/p><\/div><\/div>\n        <\/section>\t\t<\/div>\n\t\t\t\t<\/div>\n\t\t\t\t\t<\/div>\n\t\t<\/div>\n\t\t\t\t<div class=\"aux-parallax-section elementor-column elementor-col-33 elementor-top-column elementor-element elementor-element-bb95503\" data-id=\"bb95503\" data-element_type=\"column\">\n\t\t\t<div class=\"elementor-widget-wrap elementor-element-populated\">\n\t\t\t\t\t\t<div class=\"elementor-element elementor-element-b69a01e aux-appear-watch-animation aux-mask-from-left elementor-widget elementor-widget-aux_image\" data-id=\"b69a01e\" data-element_type=\"widget\" data-widget_type=\"aux_image.default\">\n\t\t\t\t<div class=\"elementor-widget-container\">\n\t\t\t<section class=\"widget-container aux-widget-image aux-alignnone aux-parent-au9628d256\">\n    <div class=\"aux-media-hint-frame \">\n        <div class=\"aux-media-image \" >\n        \n            \n\n            \n            <img fetchpriority=\"high\" decoding=\"async\" width=\"571\" height=\"877\" src=\"image\/gif;base64,R0lGODlhAQABAIAAAAAAAP\/\/\/yH5BAEAAAAALAAAAAABAAEAAAIBRAA7\" class=\"aux-attachment aux-featured-image aux-attachment-id-824 aux-preload aux-blank\" alt=\"banner quienes somos\" data-ratio=\"0.65\" data-original-w=\"571\" data-src=\"https:\/\/constructorabosquesdecantabria.com\/wp-content\/uploads\/2024\/07\/banner-quienes-somos.jpg\" \/>            \n                <\/div>\n    <\/div>\n\n<\/section><!-- widget-container -->\t\t<\/div>\n\t\t\t\t<\/div>\n\t\t\t\t\t<\/div>\n\t\t<\/div>\n\t\t\t\t<div class=\"aux-parallax-section elementor-column elementor-col-33 elementor-top-column elementor-element elementor-element-6e5de3b\" data-id=\"6e5de3b\" data-element_type=\"column\">\n\t\t\t<div class=\"elementor-widget-wrap elementor-element-populated\">\n\t\t\t\t\t\t<div class=\"aux-scroll-anim elementor-element elementor-element-e758660 elementor-widget elementor-widget-aux_modern_heading\" data-move-in=\"moveHorizontal\" data-move-out=\"moveHorizontal\" data-axis-x=\"60\" data-axis-y=\"30\" data-rotate=\"90\" data-scale=\"1\" data-vp-top=\"0.5\" data-vp-bot=\"0.5\" data-el-top=\"0.2\" data-scroll-animation-off=\"1024\" data-id=\"e758660\" data-element_type=\"widget\" data-widget_type=\"aux_modern_heading.default\">\n\t\t\t\t<div class=\"elementor-widget-container\">\n\t\t\t<section class=\"aux-widget-modern-heading\">\n            <div class=\"aux-widget-inner\"><h2 class=\"aux-modern-heading-primary\">Quienes somos<\/h2><div class=\"aux-modern-heading-divider\"><\/div><\/div>\n        <\/section>\t\t<\/div>\n\t\t\t\t<\/div>\n\t\t\t\t\t<\/div>\n\t\t<\/div>\n\t\t\t\t\t<\/div>\n\t\t<\/section>\n\t\t\t\t<\/div>\n\t\t","protected":false},"excerpt":{"rendered":"<p>MISI\u00d3N En Constructora Bosques de Cantabria, nos dedicamos a la realizaci\u00f3n de Proyectos de Urbanismo, Obras de Ingenier\u00eda Civil, Arquitectura, Topograf\u00eda, y la Producci\u00f3n y Suministro de Concretos tanto en el \u00e1mbito privado como p\u00fablico. Nuestro objetivo es brindar satisfacci\u00f3n a nuestros clientes mediante la aplicaci\u00f3n de los m\u00e1s altos est\u00e1ndares de calidad, la implementaci\u00f3n [&hellip;]<\/p>\n","protected":false},"author":1,"featured_media":0,"parent":0,"menu_order":0,"comment_status":"closed","ping_status":"closed","template":"","meta":{"footnotes":""},"class_list":["post-105","page","type-page","status-publish","hentry"],"_links":{"self":[{"href":"https:\/\/constructorabosquesdecantabria.com\/index.php?rest_route=\/wp\/v2\/pages\/105","targetHints":{"allow":["GET"]}}],"collection":[{"href":"https:\/\/constructorabosquesdecantabria.com\/index.php?rest_route=\/wp\/v2\/pages"}],"about":[{"href":"https:\/\/constructorabosquesdecantabria.com\/index.php?rest_route=\/wp\/v2\/types\/page"}],"author":[{"embeddable":true,"href":"https:\/\/constructorabosquesdecantabria.com\/index.php?rest_route=\/wp\/v2\/users\/1"}],"replies":[{"embeddable":true,"href":"https:\/\/constructorabosquesdecantabria.com\/index.php?rest_route=%2Fwp%2Fv2%2Fcomments&post=105"}],"version-history":[{"count":70,"href":"https:\/\/constructorabosquesdecantabria.com\/index.php?rest_route=\/wp\/v2\/pages\/105\/revisions"}],"predecessor-version":[{"id":972,"href":"https:\/\/constructorabosquesdecantabria.com\/index.php?rest_route=\/wp\/v2\/pages\/105\/revisions\/972"}],"wp:attachment":[{"href":"https:\/\/constructorabosquesdecantabria.com\/index.php?rest_route=%2Fwp%2Fv2%2Fmedia&parent=105"}],"curies":[{"name":"wp","href":"https:\/\/api.w.org\/{rel}","templated":true}]}}